{"id":9111,"date":"2024-10-29T12:17:32","date_gmt":"2024-10-29T10:17:32","guid":{"rendered":"https:\/\/repair2care.com\/?page_id=9111"},"modified":"2024-10-29T12:17:33","modified_gmt":"2024-10-29T10:17:33","slug":"ceramic-coating","status":"publish","type":"page","link":"https:\/\/repair2care.com\/sv\/tjanster\/bilvard\/polering-lackskydd\/keramisk-belaggning\/","title":{"rendered":"Keramisk bel\u00e4ggning"},"content":{"rendered":"","protected":false},"excerpt":{"rendered":"","protected":false},"author":5,"featured_media":0,"parent":8072,"menu_order":0,"comment_status":"closed","ping_status":"closed","template":"","meta":{"_monsterinsights_skip_tracking":false,"_monsterinsights_sitenote_active":false,"_monsterinsights_sitenote_note":"","_monsterinsights_sitenote_category":0,"footnotes":""},"class_list":["post-9111","page","type-page","status-publish","hentry"],"yoast_head":"<!-- This site is optimized with the Yoast SEO Premium plugin v20.10 (Yoast SEO v25.5) - https:\/\/yoast.com\/wordpress\/plugins\/seo\/ -->\n<title>Ceramic Coating - Get a professional ceramic coating treatment \u00bb<\/title>\n<meta name=\"description\" content=\"Give your car the ultimate protection with a ceramic coating treatment. We give cars this treatment after a car polish. Book now \u00bb\" \/>\n<meta name=\"robots\" content=\"index, follow, max-snippet:-1, max-image-preview:large, max-video-preview:-1\" \/>\n<link rel=\"canonical\" href=\"https:\/\/repair2care.com\/sv\/tjanster\/bilvard\/polering-lackskydd\/keramisk-belaggning\/\" \/>\n<meta property=\"og:locale\" content=\"sv_SE\" \/>\n<meta property=\"og:type\" content=\"article\" \/>\n<meta property=\"og:title\" content=\"Ceramic Coating\" \/>\n<meta property=\"og:description\" content=\"Give your car the ultimate protection with a ceramic coating treatment. We give cars this treatment after a car polish. Book now \u00bb\" \/>\n<meta property=\"og:url\" content=\"https:\/\/repair2care.com\/sv\/tjanster\/bilvard\/polering-lackskydd\/keramisk-belaggning\/\" \/>\n<meta property=\"og:site_name\" content=\"Repair2Care\" \/>\n<meta property=\"article:publisher\" content=\"https:\/\/www.facebook.com\/repair2care\" \/>\n<meta property=\"article:modified_time\" content=\"2024-10-29T10:17:33+00:00\" \/>\n<meta name=\"twitter:card\" content=\"summary_large_image\" \/>\n<meta name=\"twitter:label1\" content=\"Ber\u00e4knad l\u00e4stid\" \/>\n\t<meta name=\"twitter:data1\" content=\"3 minuter\" \/>\n<script type=\"application\/ld+json\" class=\"yoast-schema-graph\">{\"@context\":\"https:\/\/schema.org\",\"@graph\":[{\"@type\":\"WebPage\",\"@id\":\"https:\/\/repair2care.com\/services\/car-care\/polish-coating\/ceramic-coating\/\",\"url\":\"https:\/\/repair2care.com\/services\/car-care\/polish-coating\/ceramic-coating\/\",\"name\":\"Ceramic Coating - Get a professional ceramic coating treatment \u00bb\",\"isPartOf\":{\"@id\":\"https:\/\/repair2care.com\/#website\"},\"datePublished\":\"2024-10-29T10:17:32+00:00\",\"dateModified\":\"2024-10-29T10:17:33+00:00\",\"description\":\"Give your car the ultimate protection with a ceramic coating treatment. We give cars this treatment after a car polish. Book now \u00bb\",\"breadcrumb\":{\"@id\":\"https:\/\/repair2care.com\/services\/car-care\/polish-coating\/ceramic-coating\/#breadcrumb\"},\"inLanguage\":\"sv-SE\",\"potentialAction\":[{\"@type\":\"ReadAction\",\"target\":[\"https:\/\/repair2care.com\/services\/car-care\/polish-coating\/ceramic-coating\/\"]}]},{\"@type\":\"BreadcrumbList\",\"@id\":\"https:\/\/repair2care.com\/services\/car-care\/polish-coating\/ceramic-coating\/#breadcrumb\",\"itemListElement\":[{\"@type\":\"ListItem\",\"position\":1,\"name\":\"Home\",\"item\":\"https:\/\/repair2care.com\/sv\/\"},{\"@type\":\"ListItem\",\"position\":2,\"name\":\"Wp Json\",\"item\":\"https:\/\/repair2care.com\/sv\/wp-json\/\"},{\"@type\":\"ListItem\",\"position\":3,\"name\":\"Wp\",\"item\":\"https:\/\/repair2care.com\/sv\/wp-json\/wp\/\"},{\"@type\":\"ListItem\",\"position\":4,\"name\":\"V2\",\"item\":\"https:\/\/repair2care.com\/sv\/wp-json\/wp\/v2\/\"},{\"@type\":\"ListItem\",\"position\":5,\"name\":\"Pages\",\"item\":\"https:\/\/repair2care.com\/sv\/wp-json\/wp\/v2\/pages\/\"},{\"@type\":\"ListItem\",\"position\":6,\"name\":\"9111\"}]},{\"@type\":\"WebSite\",\"@id\":\"https:\/\/repair2care.com\/#website\",\"url\":\"https:\/\/repair2care.com\/\",\"name\":\"Repair2Care\",\"description\":\"\",\"publisher\":{\"@id\":\"https:\/\/repair2care.com\/#organization\"},\"potentialAction\":[{\"@type\":\"SearchAction\",\"target\":{\"@type\":\"EntryPoint\",\"urlTemplate\":\"https:\/\/repair2care.com\/?s={search_term_string}\"},\"query-input\":{\"@type\":\"PropertyValueSpecification\",\"valueRequired\":true,\"valueName\":\"search_term_string\"}}],\"inLanguage\":\"sv-SE\"},{\"@type\":\"Organization\",\"@id\":\"https:\/\/repair2care.com\/#organization\",\"name\":\"Repair2Care\",\"url\":\"https:\/\/repair2care.com\/\",\"logo\":{\"@type\":\"ImageObject\",\"inLanguage\":\"sv-SE\",\"@id\":\"https:\/\/repair2care.com\/#\/schema\/logo\/image\/\",\"url\":\"https:\/\/repair2care.com\/wp-content\/uploads\/2021\/06\/repair2care-digital.png\",\"contentUrl\":\"https:\/\/repair2care.com\/wp-content\/uploads\/2021\/06\/repair2care-digital.png\",\"width\":1613,\"height\":246,\"caption\":\"Repair2Care\"},\"image\":{\"@id\":\"https:\/\/repair2care.com\/#\/schema\/logo\/image\/\"},\"sameAs\":[\"https:\/\/www.facebook.com\/repair2care\"]}]}<\/script>\n<!-- \/ Yoast SEO Premium plugin. -->","yoast_head_json":{"title":"Keramisk bel\u00e4ggning - F\u00e5 en professionell behandling med keramisk bel\u00e4ggning \"","description":"Ge din bil det ultimata skyddet med en keramisk ytbehandling. Vi ger bilarna denna behandling efter en bilpolering. Boka nu \"","robots":{"index":"index","follow":"follow","max-snippet":"max-snippet:-1","max-image-preview":"max-image-preview:large","max-video-preview":"max-video-preview:-1"},"canonical":"https:\/\/repair2care.com\/sv\/tjanster\/bilvard\/polering-lackskydd\/keramisk-belaggning\/","og_locale":"sv_SE","og_type":"article","og_title":"Ceramic Coating","og_description":"Give your car the ultimate protection with a ceramic coating treatment. We give cars this treatment after a car polish. Book now \u00bb","og_url":"https:\/\/repair2care.com\/sv\/tjanster\/bilvard\/polering-lackskydd\/keramisk-belaggning\/","og_site_name":"Repair2Care","article_publisher":"https:\/\/www.facebook.com\/repair2care","article_modified_time":"2024-10-29T10:17:33+00:00","twitter_card":"summary_large_image","twitter_misc":{"Ber\u00e4knad l\u00e4stid":"3 minuter"},"schema":{"@context":"https:\/\/schema.org","@graph":[{"@type":"WebPage","@id":"https:\/\/repair2care.com\/services\/car-care\/polish-coating\/ceramic-coating\/","url":"https:\/\/repair2care.com\/services\/car-care\/polish-coating\/ceramic-coating\/","name":"Keramisk bel\u00e4ggning - F\u00e5 en professionell behandling med keramisk bel\u00e4ggning \"","isPartOf":{"@id":"https:\/\/repair2care.com\/#website"},"datePublished":"2024-10-29T10:17:32+00:00","dateModified":"2024-10-29T10:17:33+00:00","description":"Ge din bil det ultimata skyddet med en keramisk ytbehandling. Vi ger bilarna denna behandling efter en bilpolering. Boka nu \"","breadcrumb":{"@id":"https:\/\/repair2care.com\/services\/car-care\/polish-coating\/ceramic-coating\/#breadcrumb"},"inLanguage":"sv-SE","potentialAction":[{"@type":"ReadAction","target":["https:\/\/repair2care.com\/services\/car-care\/polish-coating\/ceramic-coating\/"]}]},{"@type":"BreadcrumbList","@id":"https:\/\/repair2care.com\/services\/car-care\/polish-coating\/ceramic-coating\/#breadcrumb","itemListElement":[{"@type":"ListItem","position":1,"name":"Home","item":"https:\/\/repair2care.com\/sv\/"},{"@type":"ListItem","position":2,"name":"Wp Json","item":"https:\/\/repair2care.com\/sv\/wp-json\/"},{"@type":"ListItem","position":3,"name":"Wp","item":"https:\/\/repair2care.com\/sv\/wp-json\/wp\/"},{"@type":"ListItem","position":4,"name":"V2","item":"https:\/\/repair2care.com\/sv\/wp-json\/wp\/v2\/"},{"@type":"ListItem","position":5,"name":"Pages","item":"https:\/\/repair2care.com\/sv\/wp-json\/wp\/v2\/pages\/"},{"@type":"ListItem","position":6,"name":"9111"}]},{"@type":"WebSite","@id":"https:\/\/repair2care.com\/#website","url":"https:\/\/repair2care.com\/","name":"Repair2Care","description":"","publisher":{"@id":"https:\/\/repair2care.com\/#organization"},"potentialAction":[{"@type":"SearchAction","target":{"@type":"EntryPoint","urlTemplate":"https:\/\/repair2care.com\/?s={search_term_string}"},"query-input":{"@type":"PropertyValueSpecification","valueRequired":true,"valueName":"search_term_string"}}],"inLanguage":"sv-SE"},{"@type":"Organization","@id":"https:\/\/repair2care.com\/#organization","name":"Repair2Care","url":"https:\/\/repair2care.com\/","logo":{"@type":"ImageObject","inLanguage":"sv-SE","@id":"https:\/\/repair2care.com\/#\/schema\/logo\/image\/","url":"https:\/\/repair2care.com\/wp-content\/uploads\/2021\/06\/repair2care-digital.png","contentUrl":"https:\/\/repair2care.com\/wp-content\/uploads\/2021\/06\/repair2care-digital.png","width":1613,"height":246,"caption":"Repair2Care"},"image":{"@id":"https:\/\/repair2care.com\/#\/schema\/logo\/image\/"},"sameAs":["https:\/\/www.facebook.com\/repair2care"]}]}},"_links":{"self":[{"href":"https:\/\/repair2care.com\/sv\/wp-json\/wp\/v2\/pages\/9111","targetHints":{"allow":["GET"]}}],"collection":[{"href":"https:\/\/repair2care.com\/sv\/wp-json\/wp\/v2\/pages"}],"about":[{"href":"https:\/\/repair2care.com\/sv\/wp-json\/wp\/v2\/types\/page"}],"author":[{"embeddable":true,"href":"https:\/\/repair2care.com\/sv\/wp-json\/wp\/v2\/users\/5"}],"replies":[{"embeddable":true,"href":"https:\/\/repair2care.com\/sv\/wp-json\/wp\/v2\/comments?post=9111"}],"version-history":[{"count":0,"href":"https:\/\/repair2care.com\/sv\/wp-json\/wp\/v2\/pages\/9111\/revisions"}],"up":[{"embeddable":true,"href":"https:\/\/repair2care.com\/sv\/wp-json\/wp\/v2\/pages\/8072"}],"wp:attachment":[{"href":"https:\/\/repair2care.com\/sv\/wp-json\/wp\/v2\/media?parent=9111"}],"curies":[{"name":"wp","href":"https:\/\/api.w.org\/{rel}","templated":true}]}}