{"id":8813,"date":"2024-04-17T10:25:34","date_gmt":"2024-04-17T08:25:34","guid":{"rendered":"https:\/\/repair2care.com\/?page_id=8813"},"modified":"2024-04-17T10:25:38","modified_gmt":"2024-04-17T08:25:38","slug":"fleet-management","status":"publish","type":"page","link":"https:\/\/repair2care.com\/sv\/foretag\/affarsfordelar\/forvaltning-av-flottan\/","title":{"rendered":"Flottf\u00f6rvaltning"},"content":{"rendered":"","protected":false},"excerpt":{"rendered":"","protected":false},"author":5,"featured_media":0,"parent":8331,"menu_order":0,"comment_status":"closed","ping_status":"closed","template":"","meta":{"_monsterinsights_skip_tracking":false,"_monsterinsights_sitenote_active":false,"_monsterinsights_sitenote_note":"","_monsterinsights_sitenote_category":0,"footnotes":""},"class_list":["post-8813","page","type-page","status-publish","hentry"],"yoast_head":"<!-- This site is optimized with the Yoast SEO Premium plugin v20.10 (Yoast SEO v27.4) - https:\/\/yoast.com\/product\/yoast-seo-premium-wordpress\/ -->\n<title>Are you a Fleet Management? - Team up with Repair2Care now!<\/title>\n<meta name=\"description\" content=\"Team up with Repair2Care to potentially save you money in your Fleet Management. Discover what partnering up with R2C can do for you here\" \/>\n<meta name=\"robots\" content=\"index, follow, max-snippet:-1, max-image-preview:large, max-video-preview:-1\" \/>\n<link rel=\"canonical\" href=\"https:\/\/repair2care.com\/sv\/foretag\/affarsfordelar\/forvaltning-av-flottan\/\" \/>\n<meta property=\"og:locale\" content=\"sv_SE\" \/>\n<meta property=\"og:type\" content=\"article\" \/>\n<meta property=\"og:title\" content=\"Fleet Management\" \/>\n<meta property=\"og:description\" content=\"Team up with Repair2Care to potentially save you money in your Fleet Management. Discover what partnering up with R2C can do for you here\" \/>\n<meta property=\"og:url\" content=\"https:\/\/repair2care.com\/sv\/foretag\/affarsfordelar\/forvaltning-av-flottan\/\" \/>\n<meta property=\"og:site_name\" content=\"Repair2Care\" \/>\n<meta property=\"article:publisher\" content=\"https:\/\/www.facebook.com\/repair2care\" \/>\n<meta property=\"article:modified_time\" content=\"2024-04-17T08:25:38+00:00\" \/>\n<meta name=\"twitter:card\" content=\"summary_large_image\" \/>\n<script type=\"application\/ld+json\" class=\"yoast-schema-graph\">{\"@context\":\"https:\\\/\\\/schema.org\",\"@graph\":[{\"@type\":\"WebPage\",\"@id\":\"https:\\\/\\\/repair2care.com\\\/b2b\\\/business-benefits\\\/fleet-management\\\/\",\"url\":\"https:\\\/\\\/repair2care.com\\\/b2b\\\/business-benefits\\\/fleet-management\\\/\",\"name\":\"Are you a Fleet Management? - Team up with Repair2Care now!\",\"isPartOf\":{\"@id\":\"https:\\\/\\\/repair2care.com\\\/#website\"},\"datePublished\":\"2024-04-17T08:25:34+00:00\",\"dateModified\":\"2024-04-17T08:25:38+00:00\",\"description\":\"Team up with Repair2Care to potentially save you money in your Fleet Management. Discover what partnering up with R2C can do for you here\",\"breadcrumb\":{\"@id\":\"https:\\\/\\\/repair2care.com\\\/b2b\\\/business-benefits\\\/fleet-management\\\/#breadcrumb\"},\"inLanguage\":\"sv-SE\",\"potentialAction\":[{\"@type\":\"ReadAction\",\"target\":[\"https:\\\/\\\/repair2care.com\\\/b2b\\\/business-benefits\\\/fleet-management\\\/\"]}]},{\"@type\":\"BreadcrumbList\",\"@id\":\"https:\\\/\\\/repair2care.com\\\/b2b\\\/business-benefits\\\/fleet-management\\\/#breadcrumb\",\"itemListElement\":[{\"@type\":\"ListItem\",\"position\":1,\"name\":\"Home\",\"item\":\"https:\\\/\\\/repair2care.com\\\/sv\\\/\"},{\"@type\":\"ListItem\",\"position\":2,\"name\":\"Wp Json\",\"item\":\"https:\\\/\\\/repair2care.com\\\/sv\\\/wp-json\\\/\"},{\"@type\":\"ListItem\",\"position\":3,\"name\":\"Wp\",\"item\":\"https:\\\/\\\/repair2care.com\\\/sv\\\/wp-json\\\/wp\\\/\"},{\"@type\":\"ListItem\",\"position\":4,\"name\":\"V2\",\"item\":\"https:\\\/\\\/repair2care.com\\\/sv\\\/wp-json\\\/wp\\\/v2\\\/\"},{\"@type\":\"ListItem\",\"position\":5,\"name\":\"Pages\",\"item\":\"https:\\\/\\\/repair2care.com\\\/sv\\\/wp-json\\\/wp\\\/v2\\\/pages\\\/\"},{\"@type\":\"ListItem\",\"position\":6,\"name\":\"8813\"}]},{\"@type\":\"WebSite\",\"@id\":\"https:\\\/\\\/repair2care.com\\\/#website\",\"url\":\"https:\\\/\\\/repair2care.com\\\/\",\"name\":\"Repair2Care\",\"description\":\"\",\"publisher\":{\"@id\":\"https:\\\/\\\/repair2care.com\\\/#organization\"},\"potentialAction\":[{\"@type\":\"SearchAction\",\"target\":{\"@type\":\"EntryPoint\",\"urlTemplate\":\"https:\\\/\\\/repair2care.com\\\/?s={search_term_string}\"},\"query-input\":{\"@type\":\"PropertyValueSpecification\",\"valueRequired\":true,\"valueName\":\"search_term_string\"}}],\"inLanguage\":\"sv-SE\"},{\"@type\":\"Organization\",\"@id\":\"https:\\\/\\\/repair2care.com\\\/#organization\",\"name\":\"Repair2Care\",\"url\":\"https:\\\/\\\/repair2care.com\\\/\",\"logo\":{\"@type\":\"ImageObject\",\"inLanguage\":\"sv-SE\",\"@id\":\"https:\\\/\\\/repair2care.com\\\/#\\\/schema\\\/logo\\\/image\\\/\",\"url\":\"https:\\\/\\\/repair2care.com\\\/wp-content\\\/uploads\\\/2021\\\/06\\\/repair2care-digital.png\",\"contentUrl\":\"https:\\\/\\\/repair2care.com\\\/wp-content\\\/uploads\\\/2021\\\/06\\\/repair2care-digital.png\",\"width\":1613,\"height\":246,\"caption\":\"Repair2Care\"},\"image\":{\"@id\":\"https:\\\/\\\/repair2care.com\\\/#\\\/schema\\\/logo\\\/image\\\/\"},\"sameAs\":[\"https:\\\/\\\/www.facebook.com\\\/repair2care\"]}]}<\/script>\n<!-- \/ Yoast SEO Premium plugin. -->","yoast_head_json":{"title":"\u00c4r du en Fleet Management-akt\u00f6r? - G\u00e5 ihop med Repair2Care nu!","description":"Samarbeta med Repair2Care f\u00f6r att potentiellt spara pengar i din vagnparkshantering. Uppt\u00e4ck vad ett samarbete med R2C kan g\u00f6ra f\u00f6r dig h\u00e4r","robots":{"index":"index","follow":"follow","max-snippet":"max-snippet:-1","max-image-preview":"max-image-preview:large","max-video-preview":"max-video-preview:-1"},"canonical":"https:\/\/repair2care.com\/sv\/foretag\/affarsfordelar\/forvaltning-av-flottan\/","og_locale":"sv_SE","og_type":"article","og_title":"Fleet Management","og_description":"Team up with Repair2Care to potentially save you money in your Fleet Management. Discover what partnering up with R2C can do for you here","og_url":"https:\/\/repair2care.com\/sv\/foretag\/affarsfordelar\/forvaltning-av-flottan\/","og_site_name":"Repair2Care","article_publisher":"https:\/\/www.facebook.com\/repair2care","article_modified_time":"2024-04-17T08:25:38+00:00","twitter_card":"summary_large_image","schema":{"@context":"https:\/\/schema.org","@graph":[{"@type":"WebPage","@id":"https:\/\/repair2care.com\/b2b\/business-benefits\/fleet-management\/","url":"https:\/\/repair2care.com\/b2b\/business-benefits\/fleet-management\/","name":"\u00c4r du en Fleet Management-akt\u00f6r? - G\u00e5 ihop med Repair2Care nu!","isPartOf":{"@id":"https:\/\/repair2care.com\/#website"},"datePublished":"2024-04-17T08:25:34+00:00","dateModified":"2024-04-17T08:25:38+00:00","description":"Samarbeta med Repair2Care f\u00f6r att potentiellt spara pengar i din vagnparkshantering. Uppt\u00e4ck vad ett samarbete med R2C kan g\u00f6ra f\u00f6r dig h\u00e4r","breadcrumb":{"@id":"https:\/\/repair2care.com\/b2b\/business-benefits\/fleet-management\/#breadcrumb"},"inLanguage":"sv-SE","potentialAction":[{"@type":"ReadAction","target":["https:\/\/repair2care.com\/b2b\/business-benefits\/fleet-management\/"]}]},{"@type":"BreadcrumbList","@id":"https:\/\/repair2care.com\/b2b\/business-benefits\/fleet-management\/#breadcrumb","itemListElement":[{"@type":"ListItem","position":1,"name":"Home","item":"https:\/\/repair2care.com\/sv\/"},{"@type":"ListItem","position":2,"name":"Wp Json","item":"https:\/\/repair2care.com\/sv\/wp-json\/"},{"@type":"ListItem","position":3,"name":"Wp","item":"https:\/\/repair2care.com\/sv\/wp-json\/wp\/"},{"@type":"ListItem","position":4,"name":"V2","item":"https:\/\/repair2care.com\/sv\/wp-json\/wp\/v2\/"},{"@type":"ListItem","position":5,"name":"Pages","item":"https:\/\/repair2care.com\/sv\/wp-json\/wp\/v2\/pages\/"},{"@type":"ListItem","position":6,"name":"8813"}]},{"@type":"WebSite","@id":"https:\/\/repair2care.com\/#website","url":"https:\/\/repair2care.com\/","name":"Repair2Care","description":"","publisher":{"@id":"https:\/\/repair2care.com\/#organization"},"potentialAction":[{"@type":"SearchAction","target":{"@type":"EntryPoint","urlTemplate":"https:\/\/repair2care.com\/?s={search_term_string}"},"query-input":{"@type":"PropertyValueSpecification","valueRequired":true,"valueName":"search_term_string"}}],"inLanguage":"sv-SE"},{"@type":"Organization","@id":"https:\/\/repair2care.com\/#organization","name":"Repair2Care","url":"https:\/\/repair2care.com\/","logo":{"@type":"ImageObject","inLanguage":"sv-SE","@id":"https:\/\/repair2care.com\/#\/schema\/logo\/image\/","url":"https:\/\/repair2care.com\/wp-content\/uploads\/2021\/06\/repair2care-digital.png","contentUrl":"https:\/\/repair2care.com\/wp-content\/uploads\/2021\/06\/repair2care-digital.png","width":1613,"height":246,"caption":"Repair2Care"},"image":{"@id":"https:\/\/repair2care.com\/#\/schema\/logo\/image\/"},"sameAs":["https:\/\/www.facebook.com\/repair2care"]}]}},"_links":{"self":[{"href":"https:\/\/repair2care.com\/sv\/wp-json\/wp\/v2\/pages\/8813","targetHints":{"allow":["GET"]}}],"collection":[{"href":"https:\/\/repair2care.com\/sv\/wp-json\/wp\/v2\/pages"}],"about":[{"href":"https:\/\/repair2care.com\/sv\/wp-json\/wp\/v2\/types\/page"}],"author":[{"embeddable":true,"href":"https:\/\/repair2care.com\/sv\/wp-json\/wp\/v2\/users\/5"}],"replies":[{"embeddable":true,"href":"https:\/\/repair2care.com\/sv\/wp-json\/wp\/v2\/comments?post=8813"}],"version-history":[{"count":0,"href":"https:\/\/repair2care.com\/sv\/wp-json\/wp\/v2\/pages\/8813\/revisions"}],"up":[{"embeddable":true,"href":"https:\/\/repair2care.com\/sv\/wp-json\/wp\/v2\/pages\/8331"}],"wp:attachment":[{"href":"https:\/\/repair2care.com\/sv\/wp-json\/wp\/v2\/media?parent=8813"}],"curies":[{"name":"wp","href":"https:\/\/api.w.org\/{rel}","templated":true}]}}