{"id":8258,"date":"2023-02-27T11:45:30","date_gmt":"2023-02-27T09:45:30","guid":{"rendered":"https:\/\/repair2care.com\/?page_id=8258"},"modified":"2025-04-01T08:46:38","modified_gmt":"2025-04-01T06:46:38","slug":"exterior-car-detailing","status":"publish","type":"page","link":"https:\/\/repair2care.com\/sv\/tjanster\/bilvard\/utvandig-detaljering-av-bilar\/","title":{"rendered":"Utv\u00e4ndig detaljering av bilar"},"content":{"rendered":"","protected":false},"excerpt":{"rendered":"","protected":false},"author":1,"featured_media":0,"parent":7977,"menu_order":0,"comment_status":"closed","ping_status":"closed","template":"","meta":{"_monsterinsights_skip_tracking":false,"_monsterinsights_sitenote_active":false,"_monsterinsights_sitenote_note":"","_monsterinsights_sitenote_category":0,"footnotes":""},"class_list":["post-8258","page","type-page","status-publish","hentry"],"yoast_head":"<!-- This site is optimized with the Yoast SEO Premium plugin v20.10 (Yoast SEO v25.5) - https:\/\/yoast.com\/wordpress\/plugins\/seo\/ -->\n<title>Professional exterior car detailing - see prices here \u00bb<\/title>\n<meta name=\"description\" content=\"We offer an effective polishing treatment and a prolonging wax application on the painted areas and detailing of all other surfaces to make your car look like-new again.\" \/>\n<meta name=\"robots\" content=\"index, follow, max-snippet:-1, max-image-preview:large, max-video-preview:-1\" \/>\n<link rel=\"canonical\" href=\"https:\/\/repair2care.com\/sv\/tjanster\/bilvard\/utvandig-detaljering-av-bilar\/\" \/>\n<meta property=\"og:locale\" content=\"sv_SE\" \/>\n<meta property=\"og:type\" content=\"article\" \/>\n<meta property=\"og:title\" content=\"Exterior Car Detailing\" \/>\n<meta property=\"og:description\" content=\"We offer an effective polishing treatment and a prolonging wax application on the painted areas and detailing of all other surfaces to make your car look like-new again.\" \/>\n<meta property=\"og:url\" content=\"https:\/\/repair2care.com\/sv\/tjanster\/bilvard\/utvandig-detaljering-av-bilar\/\" \/>\n<meta property=\"og:site_name\" content=\"Repair2Care\" \/>\n<meta property=\"article:publisher\" content=\"https:\/\/www.facebook.com\/repair2care\" \/>\n<meta property=\"article:modified_time\" content=\"2025-04-01T06:46:38+00:00\" \/>\n<meta name=\"twitter:card\" content=\"summary_large_image\" \/>\n<meta name=\"twitter:label1\" content=\"Ber\u00e4knad l\u00e4stid\" \/>\n\t<meta name=\"twitter:data1\" content=\"5 minuter\" \/>\n<script type=\"application\/ld+json\" class=\"yoast-schema-graph\">{\"@context\":\"https:\/\/schema.org\",\"@graph\":[{\"@type\":\"WebPage\",\"@id\":\"https:\/\/repair2care.com\/services\/car-care\/exterior-car-detailing\/\",\"url\":\"https:\/\/repair2care.com\/services\/car-care\/exterior-car-detailing\/\",\"name\":\"Professional exterior car detailing - see prices here \u00bb\",\"isPartOf\":{\"@id\":\"https:\/\/repair2care.com\/#website\"},\"datePublished\":\"2023-02-27T09:45:30+00:00\",\"dateModified\":\"2025-04-01T06:46:38+00:00\",\"description\":\"We offer an effective polishing treatment and a prolonging wax application on the painted areas and detailing of all other surfaces to make your car look like-new again.\",\"breadcrumb\":{\"@id\":\"https:\/\/repair2care.com\/services\/car-care\/exterior-car-detailing\/#breadcrumb\"},\"inLanguage\":\"sv-SE\",\"potentialAction\":[{\"@type\":\"ReadAction\",\"target\":[\"https:\/\/repair2care.com\/services\/car-care\/exterior-car-detailing\/\"]}]},{\"@type\":\"BreadcrumbList\",\"@id\":\"https:\/\/repair2care.com\/services\/car-care\/exterior-car-detailing\/#breadcrumb\",\"itemListElement\":[{\"@type\":\"ListItem\",\"position\":1,\"name\":\"Home\",\"item\":\"https:\/\/repair2care.com\/sv\/\"},{\"@type\":\"ListItem\",\"position\":2,\"name\":\"Wp Json\",\"item\":\"https:\/\/repair2care.com\/sv\/wp-json\/\"},{\"@type\":\"ListItem\",\"position\":3,\"name\":\"Wp\",\"item\":\"https:\/\/repair2care.com\/sv\/wp-json\/wp\/\"},{\"@type\":\"ListItem\",\"position\":4,\"name\":\"V2\",\"item\":\"https:\/\/repair2care.com\/sv\/wp-json\/wp\/v2\/\"},{\"@type\":\"ListItem\",\"position\":5,\"name\":\"Pages\",\"item\":\"https:\/\/repair2care.com\/sv\/wp-json\/wp\/v2\/pages\/\"},{\"@type\":\"ListItem\",\"position\":6,\"name\":\"8258\"}]},{\"@type\":\"WebSite\",\"@id\":\"https:\/\/repair2care.com\/#website\",\"url\":\"https:\/\/repair2care.com\/\",\"name\":\"Repair2Care\",\"description\":\"\",\"publisher\":{\"@id\":\"https:\/\/repair2care.com\/#organization\"},\"potentialAction\":[{\"@type\":\"SearchAction\",\"target\":{\"@type\":\"EntryPoint\",\"urlTemplate\":\"https:\/\/repair2care.com\/?s={search_term_string}\"},\"query-input\":{\"@type\":\"PropertyValueSpecification\",\"valueRequired\":true,\"valueName\":\"search_term_string\"}}],\"inLanguage\":\"sv-SE\"},{\"@type\":\"Organization\",\"@id\":\"https:\/\/repair2care.com\/#organization\",\"name\":\"Repair2Care\",\"url\":\"https:\/\/repair2care.com\/\",\"logo\":{\"@type\":\"ImageObject\",\"inLanguage\":\"sv-SE\",\"@id\":\"https:\/\/repair2care.com\/#\/schema\/logo\/image\/\",\"url\":\"https:\/\/repair2care.com\/wp-content\/uploads\/2021\/06\/repair2care-digital.png\",\"contentUrl\":\"https:\/\/repair2care.com\/wp-content\/uploads\/2021\/06\/repair2care-digital.png\",\"width\":1613,\"height\":246,\"caption\":\"Repair2Care\"},\"image\":{\"@id\":\"https:\/\/repair2care.com\/#\/schema\/logo\/image\/\"},\"sameAs\":[\"https:\/\/www.facebook.com\/repair2care\"]}]}<\/script>\n<!-- \/ Yoast SEO Premium plugin. -->","yoast_head_json":{"title":"Professionell exteri\u00f6r bilv\u00e5rd - se priser h\u00e4r \"","description":"Vi erbjuder en effektiv poleringsbehandling och en l\u00e5ngvarig vaxapplicering p\u00e5 de lackerade omr\u00e5dena samt detaljbehandling av alla andra ytor f\u00f6r att din bil ska se ut som ny igen.","robots":{"index":"index","follow":"follow","max-snippet":"max-snippet:-1","max-image-preview":"max-image-preview:large","max-video-preview":"max-video-preview:-1"},"canonical":"https:\/\/repair2care.com\/sv\/tjanster\/bilvard\/utvandig-detaljering-av-bilar\/","og_locale":"sv_SE","og_type":"article","og_title":"Exterior Car Detailing","og_description":"We offer an effective polishing treatment and a prolonging wax application on the painted areas and detailing of all other surfaces to make your car look like-new again.","og_url":"https:\/\/repair2care.com\/sv\/tjanster\/bilvard\/utvandig-detaljering-av-bilar\/","og_site_name":"Repair2Care","article_publisher":"https:\/\/www.facebook.com\/repair2care","article_modified_time":"2025-04-01T06:46:38+00:00","twitter_card":"summary_large_image","twitter_misc":{"Ber\u00e4knad l\u00e4stid":"5 minuter"},"schema":{"@context":"https:\/\/schema.org","@graph":[{"@type":"WebPage","@id":"https:\/\/repair2care.com\/services\/car-care\/exterior-car-detailing\/","url":"https:\/\/repair2care.com\/services\/car-care\/exterior-car-detailing\/","name":"Professionell exteri\u00f6r bilv\u00e5rd - se priser h\u00e4r \"","isPartOf":{"@id":"https:\/\/repair2care.com\/#website"},"datePublished":"2023-02-27T09:45:30+00:00","dateModified":"2025-04-01T06:46:38+00:00","description":"Vi erbjuder en effektiv poleringsbehandling och en l\u00e5ngvarig vaxapplicering p\u00e5 de lackerade omr\u00e5dena samt detaljbehandling av alla andra ytor f\u00f6r att din bil ska se ut som ny igen.","breadcrumb":{"@id":"https:\/\/repair2care.com\/services\/car-care\/exterior-car-detailing\/#breadcrumb"},"inLanguage":"sv-SE","potentialAction":[{"@type":"ReadAction","target":["https:\/\/repair2care.com\/services\/car-care\/exterior-car-detailing\/"]}]},{"@type":"BreadcrumbList","@id":"https:\/\/repair2care.com\/services\/car-care\/exterior-car-detailing\/#breadcrumb","itemListElement":[{"@type":"ListItem","position":1,"name":"Home","item":"https:\/\/repair2care.com\/sv\/"},{"@type":"ListItem","position":2,"name":"Wp Json","item":"https:\/\/repair2care.com\/sv\/wp-json\/"},{"@type":"ListItem","position":3,"name":"Wp","item":"https:\/\/repair2care.com\/sv\/wp-json\/wp\/"},{"@type":"ListItem","position":4,"name":"V2","item":"https:\/\/repair2care.com\/sv\/wp-json\/wp\/v2\/"},{"@type":"ListItem","position":5,"name":"Pages","item":"https:\/\/repair2care.com\/sv\/wp-json\/wp\/v2\/pages\/"},{"@type":"ListItem","position":6,"name":"8258"}]},{"@type":"WebSite","@id":"https:\/\/repair2care.com\/#website","url":"https:\/\/repair2care.com\/","name":"Repair2Care","description":"","publisher":{"@id":"https:\/\/repair2care.com\/#organization"},"potentialAction":[{"@type":"SearchAction","target":{"@type":"EntryPoint","urlTemplate":"https:\/\/repair2care.com\/?s={search_term_string}"},"query-input":{"@type":"PropertyValueSpecification","valueRequired":true,"valueName":"search_term_string"}}],"inLanguage":"sv-SE"},{"@type":"Organization","@id":"https:\/\/repair2care.com\/#organization","name":"Repair2Care","url":"https:\/\/repair2care.com\/","logo":{"@type":"ImageObject","inLanguage":"sv-SE","@id":"https:\/\/repair2care.com\/#\/schema\/logo\/image\/","url":"https:\/\/repair2care.com\/wp-content\/uploads\/2021\/06\/repair2care-digital.png","contentUrl":"https:\/\/repair2care.com\/wp-content\/uploads\/2021\/06\/repair2care-digital.png","width":1613,"height":246,"caption":"Repair2Care"},"image":{"@id":"https:\/\/repair2care.com\/#\/schema\/logo\/image\/"},"sameAs":["https:\/\/www.facebook.com\/repair2care"]}]}},"_links":{"self":[{"href":"https:\/\/repair2care.com\/sv\/wp-json\/wp\/v2\/pages\/8258","targetHints":{"allow":["GET"]}}],"collection":[{"href":"https:\/\/repair2care.com\/sv\/wp-json\/wp\/v2\/pages"}],"about":[{"href":"https:\/\/repair2care.com\/sv\/wp-json\/wp\/v2\/types\/page"}],"author":[{"embeddable":true,"href":"https:\/\/repair2care.com\/sv\/wp-json\/wp\/v2\/users\/1"}],"replies":[{"embeddable":true,"href":"https:\/\/repair2care.com\/sv\/wp-json\/wp\/v2\/comments?post=8258"}],"version-history":[{"count":0,"href":"https:\/\/repair2care.com\/sv\/wp-json\/wp\/v2\/pages\/8258\/revisions"}],"up":[{"embeddable":true,"href":"https:\/\/repair2care.com\/sv\/wp-json\/wp\/v2\/pages\/7977"}],"wp:attachment":[{"href":"https:\/\/repair2care.com\/sv\/wp-json\/wp\/v2\/media?parent=8258"}],"curies":[{"name":"wp","href":"https:\/\/api.w.org\/{rel}","templated":true}]}}