{"id":8021,"date":"2023-01-20T19:29:31","date_gmt":"2023-01-20T17:29:31","guid":{"rendered":"https:\/\/test.jbcbro.com\/?page_id=8021"},"modified":"2025-03-31T14:55:37","modified_gmt":"2025-03-31T12:55:37","slug":"paint-repairs","status":"publish","type":"page","link":"https:\/\/repair2care.com\/sv\/tjanster\/exteriora-reparationer\/lackreparationer\/","title":{"rendered":"Lackreparationer"},"content":{"rendered":"","protected":false},"excerpt":{"rendered":"","protected":false},"author":1,"featured_media":0,"parent":7964,"menu_order":0,"comment_status":"closed","ping_status":"closed","template":"","meta":{"_monsterinsights_skip_tracking":false,"_monsterinsights_sitenote_active":false,"_monsterinsights_sitenote_note":"","_monsterinsights_sitenote_category":0,"footnotes":""},"class_list":["post-8021","page","type-page","status-publish","hentry"],"yoast_head":"<!-- This site is optimized with the Yoast SEO Premium plugin v20.10 (Yoast SEO v25.5) - https:\/\/yoast.com\/wordpress\/plugins\/seo\/ -->\n<title>Car paint repair - Repairs of damages to car paint \u00bb<\/title>\n<meta name=\"description\" content=\"Do you have paint damage on your car? We do car paint repairs without repainting the entire car with a result close to original appearance\" \/>\n<meta name=\"robots\" content=\"index, follow, max-snippet:-1, max-image-preview:large, max-video-preview:-1\" \/>\n<link rel=\"canonical\" href=\"https:\/\/repair2care.com\/sv\/tjanster\/exteriora-reparationer\/lackreparationer\/\" \/>\n<meta property=\"og:locale\" content=\"sv_SE\" \/>\n<meta property=\"og:type\" content=\"article\" \/>\n<meta property=\"og:title\" content=\"Paint Repairs\" \/>\n<meta property=\"og:description\" content=\"Do you have paint damage on your car? We do car paint repairs without repainting the entire car with a result close to original appearance\" \/>\n<meta property=\"og:url\" content=\"https:\/\/repair2care.com\/sv\/tjanster\/exteriora-reparationer\/lackreparationer\/\" \/>\n<meta property=\"og:site_name\" content=\"Repair2Care\" \/>\n<meta property=\"article:publisher\" content=\"https:\/\/www.facebook.com\/repair2care\" \/>\n<meta property=\"article:modified_time\" content=\"2025-03-31T12:55:37+00:00\" \/>\n<meta name=\"twitter:card\" content=\"summary_large_image\" \/>\n<meta name=\"twitter:label1\" content=\"Ber\u00e4knad l\u00e4stid\" \/>\n\t<meta name=\"twitter:data1\" content=\"6 minuter\" \/>\n<script type=\"application\/ld+json\" class=\"yoast-schema-graph\">{\"@context\":\"https:\/\/schema.org\",\"@graph\":[{\"@type\":\"WebPage\",\"@id\":\"https:\/\/repair2care.com\/services\/exterior-repairs\/paint-repairs\/\",\"url\":\"https:\/\/repair2care.com\/services\/exterior-repairs\/paint-repairs\/\",\"name\":\"Car paint repair - Repairs of damages to car paint \u00bb\",\"isPartOf\":{\"@id\":\"https:\/\/repair2care.com\/#website\"},\"datePublished\":\"2023-01-20T17:29:31+00:00\",\"dateModified\":\"2025-03-31T12:55:37+00:00\",\"description\":\"Do you have paint damage on your car? We do car paint repairs without repainting the entire car with a result close to original appearance\",\"breadcrumb\":{\"@id\":\"https:\/\/repair2care.com\/services\/exterior-repairs\/paint-repairs\/#breadcrumb\"},\"inLanguage\":\"sv-SE\",\"potentialAction\":[{\"@type\":\"ReadAction\",\"target\":[\"https:\/\/repair2care.com\/services\/exterior-repairs\/paint-repairs\/\"]}]},{\"@type\":\"BreadcrumbList\",\"@id\":\"https:\/\/repair2care.com\/services\/exterior-repairs\/paint-repairs\/#breadcrumb\",\"itemListElement\":[{\"@type\":\"ListItem\",\"position\":1,\"name\":\"Home\",\"item\":\"https:\/\/repair2care.com\/sv\/\"},{\"@type\":\"ListItem\",\"position\":2,\"name\":\"Wp Json\",\"item\":\"https:\/\/repair2care.com\/sv\/wp-json\/\"},{\"@type\":\"ListItem\",\"position\":3,\"name\":\"Wp\",\"item\":\"https:\/\/repair2care.com\/sv\/wp-json\/wp\/\"},{\"@type\":\"ListItem\",\"position\":4,\"name\":\"V2\",\"item\":\"https:\/\/repair2care.com\/sv\/wp-json\/wp\/v2\/\"},{\"@type\":\"ListItem\",\"position\":5,\"name\":\"Pages\",\"item\":\"https:\/\/repair2care.com\/sv\/wp-json\/wp\/v2\/pages\/\"},{\"@type\":\"ListItem\",\"position\":6,\"name\":\"8021\"}]},{\"@type\":\"WebSite\",\"@id\":\"https:\/\/repair2care.com\/#website\",\"url\":\"https:\/\/repair2care.com\/\",\"name\":\"Repair2Care\",\"description\":\"\",\"publisher\":{\"@id\":\"https:\/\/repair2care.com\/#organization\"},\"potentialAction\":[{\"@type\":\"SearchAction\",\"target\":{\"@type\":\"EntryPoint\",\"urlTemplate\":\"https:\/\/repair2care.com\/?s={search_term_string}\"},\"query-input\":{\"@type\":\"PropertyValueSpecification\",\"valueRequired\":true,\"valueName\":\"search_term_string\"}}],\"inLanguage\":\"sv-SE\"},{\"@type\":\"Organization\",\"@id\":\"https:\/\/repair2care.com\/#organization\",\"name\":\"Repair2Care\",\"url\":\"https:\/\/repair2care.com\/\",\"logo\":{\"@type\":\"ImageObject\",\"inLanguage\":\"sv-SE\",\"@id\":\"https:\/\/repair2care.com\/#\/schema\/logo\/image\/\",\"url\":\"https:\/\/repair2care.com\/wp-content\/uploads\/2021\/06\/repair2care-digital.png\",\"contentUrl\":\"https:\/\/repair2care.com\/wp-content\/uploads\/2021\/06\/repair2care-digital.png\",\"width\":1613,\"height\":246,\"caption\":\"Repair2Care\"},\"image\":{\"@id\":\"https:\/\/repair2care.com\/#\/schema\/logo\/image\/\"},\"sameAs\":[\"https:\/\/www.facebook.com\/repair2care\"]}]}<\/script>\n<!-- \/ Yoast SEO Premium plugin. -->","yoast_head_json":{"title":"Reparation av lackskador p\u00e5 en bil - Boka reparation nu \u00bb","description":"Har du en lackskada p\u00e5 din bil? Vi utf\u00f6r lackreparationer utan omlackering av hela bilen med ett resultat som ligger n\u00e4ra originalutseendet","robots":{"index":"index","follow":"follow","max-snippet":"max-snippet:-1","max-image-preview":"max-image-preview:large","max-video-preview":"max-video-preview:-1"},"canonical":"https:\/\/repair2care.com\/sv\/tjanster\/exteriora-reparationer\/lackreparationer\/","og_locale":"sv_SE","og_type":"article","og_title":"Paint Repairs","og_description":"Do you have paint damage on your car? We do car paint repairs without repainting the entire car with a result close to original appearance","og_url":"https:\/\/repair2care.com\/sv\/tjanster\/exteriora-reparationer\/lackreparationer\/","og_site_name":"Repair2Care","article_publisher":"https:\/\/www.facebook.com\/repair2care","article_modified_time":"2025-03-31T12:55:37+00:00","twitter_card":"summary_large_image","twitter_misc":{"Ber\u00e4knad l\u00e4stid":"6 minuter"},"schema":{"@context":"https:\/\/schema.org","@graph":[{"@type":"WebPage","@id":"https:\/\/repair2care.com\/services\/exterior-repairs\/paint-repairs\/","url":"https:\/\/repair2care.com\/services\/exterior-repairs\/paint-repairs\/","name":"Reparation av lackskador p\u00e5 en bil - Boka reparation nu \u00bb","isPartOf":{"@id":"https:\/\/repair2care.com\/#website"},"datePublished":"2023-01-20T17:29:31+00:00","dateModified":"2025-03-31T12:55:37+00:00","description":"Har du en lackskada p\u00e5 din bil? Vi utf\u00f6r lackreparationer utan omlackering av hela bilen med ett resultat som ligger n\u00e4ra originalutseendet","breadcrumb":{"@id":"https:\/\/repair2care.com\/services\/exterior-repairs\/paint-repairs\/#breadcrumb"},"inLanguage":"sv-SE","potentialAction":[{"@type":"ReadAction","target":["https:\/\/repair2care.com\/services\/exterior-repairs\/paint-repairs\/"]}]},{"@type":"BreadcrumbList","@id":"https:\/\/repair2care.com\/services\/exterior-repairs\/paint-repairs\/#breadcrumb","itemListElement":[{"@type":"ListItem","position":1,"name":"Home","item":"https:\/\/repair2care.com\/sv\/"},{"@type":"ListItem","position":2,"name":"Wp Json","item":"https:\/\/repair2care.com\/sv\/wp-json\/"},{"@type":"ListItem","position":3,"name":"Wp","item":"https:\/\/repair2care.com\/sv\/wp-json\/wp\/"},{"@type":"ListItem","position":4,"name":"V2","item":"https:\/\/repair2care.com\/sv\/wp-json\/wp\/v2\/"},{"@type":"ListItem","position":5,"name":"Pages","item":"https:\/\/repair2care.com\/sv\/wp-json\/wp\/v2\/pages\/"},{"@type":"ListItem","position":6,"name":"8021"}]},{"@type":"WebSite","@id":"https:\/\/repair2care.com\/#website","url":"https:\/\/repair2care.com\/","name":"Repair2Care","description":"","publisher":{"@id":"https:\/\/repair2care.com\/#organization"},"potentialAction":[{"@type":"SearchAction","target":{"@type":"EntryPoint","urlTemplate":"https:\/\/repair2care.com\/?s={search_term_string}"},"query-input":{"@type":"PropertyValueSpecification","valueRequired":true,"valueName":"search_term_string"}}],"inLanguage":"sv-SE"},{"@type":"Organization","@id":"https:\/\/repair2care.com\/#organization","name":"Repair2Care","url":"https:\/\/repair2care.com\/","logo":{"@type":"ImageObject","inLanguage":"sv-SE","@id":"https:\/\/repair2care.com\/#\/schema\/logo\/image\/","url":"https:\/\/repair2care.com\/wp-content\/uploads\/2021\/06\/repair2care-digital.png","contentUrl":"https:\/\/repair2care.com\/wp-content\/uploads\/2021\/06\/repair2care-digital.png","width":1613,"height":246,"caption":"Repair2Care"},"image":{"@id":"https:\/\/repair2care.com\/#\/schema\/logo\/image\/"},"sameAs":["https:\/\/www.facebook.com\/repair2care"]}]}},"_links":{"self":[{"href":"https:\/\/repair2care.com\/sv\/wp-json\/wp\/v2\/pages\/8021","targetHints":{"allow":["GET"]}}],"collection":[{"href":"https:\/\/repair2care.com\/sv\/wp-json\/wp\/v2\/pages"}],"about":[{"href":"https:\/\/repair2care.com\/sv\/wp-json\/wp\/v2\/types\/page"}],"author":[{"embeddable":true,"href":"https:\/\/repair2care.com\/sv\/wp-json\/wp\/v2\/users\/1"}],"replies":[{"embeddable":true,"href":"https:\/\/repair2care.com\/sv\/wp-json\/wp\/v2\/comments?post=8021"}],"version-history":[{"count":0,"href":"https:\/\/repair2care.com\/sv\/wp-json\/wp\/v2\/pages\/8021\/revisions"}],"up":[{"embeddable":true,"href":"https:\/\/repair2care.com\/sv\/wp-json\/wp\/v2\/pages\/7964"}],"wp:attachment":[{"href":"https:\/\/repair2care.com\/sv\/wp-json\/wp\/v2\/media?parent=8021"}],"curies":[{"name":"wp","href":"https:\/\/api.w.org\/{rel}","templated":true}]}}