{"id":7880,"date":"2018-05-01T03:52:02","date_gmt":"2018-05-01T03:52:02","guid":{"rendered":"http:\/\/atomic.oxy.host\/?page_id=224"},"modified":"2024-12-12T16:48:00","modified_gmt":"2024-12-12T14:48:00","slug":"home","status":"publish","type":"page","link":"https:\/\/repair2care.com\/sv\/","title":{"rendered":"Hem"},"content":{"rendered":"","protected":false},"excerpt":{"rendered":"","protected":false},"author":1,"featured_media":0,"parent":0,"menu_order":0,"comment_status":"closed","ping_status":"closed","template":"","meta":{"_monsterinsights_skip_tracking":false,"_monsterinsights_sitenote_active":false,"_monsterinsights_sitenote_note":"","_monsterinsights_sitenote_category":0,"footnotes":""},"class_list":["post-7880","page","type-page","status-publish","hentry"],"yoast_head":"<!-- This site is optimized with the Yoast SEO Premium plugin v20.10 (Yoast SEO v27.4) - https:\/\/yoast.com\/product\/yoast-seo-premium-wordpress\/ -->\n<title>Repair2Care - Cosmetic Repairs &amp; Professional Car Care<\/title>\n<meta name=\"description\" content=\"We offer a wide range of effective cosmetic repair services and car care at a low fixed price - Without compromising the quality. Explore now.\" \/>\n<meta name=\"robots\" content=\"index, follow, max-snippet:-1, max-image-preview:large, max-video-preview:-1\" \/>\n<link rel=\"canonical\" href=\"https:\/\/repair2care.com\/sv\/\" \/>\n<meta property=\"og:locale\" content=\"sv_SE\" \/>\n<meta property=\"og:type\" content=\"article\" \/>\n<meta property=\"og:title\" content=\"Home\" \/>\n<meta property=\"og:description\" content=\"We offer a wide range of effective cosmetic repair services and car care at a low fixed price - Without compromising the quality. Explore now.\" \/>\n<meta property=\"og:url\" content=\"https:\/\/repair2care.com\/sv\/\" \/>\n<meta property=\"og:site_name\" content=\"Repair2Care\" \/>\n<meta property=\"article:publisher\" content=\"https:\/\/www.facebook.com\/repair2care\" \/>\n<meta property=\"article:modified_time\" content=\"2024-12-12T14:48:00+00:00\" \/>\n<meta name=\"twitter:card\" content=\"summary_large_image\" \/>\n<meta name=\"twitter:label1\" content=\"Ber\u00e4knad l\u00e4stid\" \/>\n\t<meta name=\"twitter:data1\" content=\"6 minuter\" \/>\n<script type=\"application\/ld+json\" class=\"yoast-schema-graph\">{\"@context\":\"https:\\\/\\\/schema.org\",\"@graph\":[{\"@type\":\"WebPage\",\"@id\":\"https:\\\/\\\/repair2care.com\\\/en_za\\\/\",\"url\":\"https:\\\/\\\/repair2care.com\\\/en_za\\\/\",\"name\":\"Repair2Care - Cosmetic Repairs & Professional Car Care\",\"isPartOf\":{\"@id\":\"https:\\\/\\\/repair2care.com\\\/#website\"},\"datePublished\":\"2018-05-01T03:52:02+00:00\",\"dateModified\":\"2024-12-12T14:48:00+00:00\",\"description\":\"We offer a wide range of effective cosmetic repair services and car care at a low fixed price - Without compromising the quality. Explore now.\",\"breadcrumb\":{\"@id\":\"https:\\\/\\\/repair2care.com\\\/en_za\\\/#breadcrumb\"},\"inLanguage\":\"sv-SE\",\"potentialAction\":[{\"@type\":\"ReadAction\",\"target\":[\"https:\\\/\\\/repair2care.com\\\/en_za\\\/\"]}]},{\"@type\":\"BreadcrumbList\",\"@id\":\"https:\\\/\\\/repair2care.com\\\/en_za\\\/#breadcrumb\",\"itemListElement\":[{\"@type\":\"ListItem\",\"position\":1,\"name\":\"Home\",\"item\":\"https:\\\/\\\/repair2care.com\\\/sv\\\/\"},{\"@type\":\"ListItem\",\"position\":2,\"name\":\"Wp Json\",\"item\":\"https:\\\/\\\/repair2care.com\\\/sv\\\/wp-json\\\/\"},{\"@type\":\"ListItem\",\"position\":3,\"name\":\"Wp\",\"item\":\"https:\\\/\\\/repair2care.com\\\/sv\\\/wp-json\\\/wp\\\/\"},{\"@type\":\"ListItem\",\"position\":4,\"name\":\"V2\",\"item\":\"https:\\\/\\\/repair2care.com\\\/sv\\\/wp-json\\\/wp\\\/v2\\\/\"},{\"@type\":\"ListItem\",\"position\":5,\"name\":\"Pages\",\"item\":\"https:\\\/\\\/repair2care.com\\\/sv\\\/wp-json\\\/wp\\\/v2\\\/pages\\\/\"},{\"@type\":\"ListItem\",\"position\":6,\"name\":\"7880\"}]},{\"@type\":\"WebSite\",\"@id\":\"https:\\\/\\\/repair2care.com\\\/#website\",\"url\":\"https:\\\/\\\/repair2care.com\\\/\",\"name\":\"Repair2Care\",\"description\":\"\",\"publisher\":{\"@id\":\"https:\\\/\\\/repair2care.com\\\/#organization\"},\"potentialAction\":[{\"@type\":\"SearchAction\",\"target\":{\"@type\":\"EntryPoint\",\"urlTemplate\":\"https:\\\/\\\/repair2care.com\\\/?s={search_term_string}\"},\"query-input\":{\"@type\":\"PropertyValueSpecification\",\"valueRequired\":true,\"valueName\":\"search_term_string\"}}],\"inLanguage\":\"sv-SE\"},{\"@type\":\"Organization\",\"@id\":\"https:\\\/\\\/repair2care.com\\\/#organization\",\"name\":\"Repair2Care\",\"url\":\"https:\\\/\\\/repair2care.com\\\/\",\"logo\":{\"@type\":\"ImageObject\",\"inLanguage\":\"sv-SE\",\"@id\":\"https:\\\/\\\/repair2care.com\\\/#\\\/schema\\\/logo\\\/image\\\/\",\"url\":\"https:\\\/\\\/repair2care.com\\\/wp-content\\\/uploads\\\/2021\\\/06\\\/repair2care-digital.png\",\"contentUrl\":\"https:\\\/\\\/repair2care.com\\\/wp-content\\\/uploads\\\/2021\\\/06\\\/repair2care-digital.png\",\"width\":1613,\"height\":246,\"caption\":\"Repair2Care\"},\"image\":{\"@id\":\"https:\\\/\\\/repair2care.com\\\/#\\\/schema\\\/logo\\\/image\\\/\"},\"sameAs\":[\"https:\\\/\\\/www.facebook.com\\\/repair2care\"]}]}<\/script>\n<!-- \/ Yoast SEO Premium plugin. -->","yoast_head_json":{"title":"Kosmetiska reparationer och professionell bilv\u00e5rd","description":"Vi \u00e4r experter p\u00e5 att utf\u00f6ra kosmetiska reparationer och bildetaljer, och erbjuda fasta \u00f6verkomliga priser och h\u00f6gkvalitativa reparationer. S\u00f6k tj\u00e4nst nu!","robots":{"index":"index","follow":"follow","max-snippet":"max-snippet:-1","max-image-preview":"max-image-preview:large","max-video-preview":"max-video-preview:-1"},"canonical":"https:\/\/repair2care.com\/sv\/","og_locale":"sv_SE","og_type":"article","og_title":"Home","og_description":"We offer a wide range of effective cosmetic repair services and car care at a low fixed price - Without compromising the quality. Explore now.","og_url":"https:\/\/repair2care.com\/sv\/","og_site_name":"Repair2Care","article_publisher":"https:\/\/www.facebook.com\/repair2care","article_modified_time":"2024-12-12T14:48:00+00:00","twitter_card":"summary_large_image","twitter_misc":{"Ber\u00e4knad l\u00e4stid":"6 minuter"},"schema":{"@context":"https:\/\/schema.org","@graph":[{"@type":"WebPage","@id":"https:\/\/repair2care.com\/en_za\/","url":"https:\/\/repair2care.com\/en_za\/","name":"Kosmetiska reparationer och professionell bilv\u00e5rd","isPartOf":{"@id":"https:\/\/repair2care.com\/#website"},"datePublished":"2018-05-01T03:52:02+00:00","dateModified":"2024-12-12T14:48:00+00:00","description":"Vi \u00e4r experter p\u00e5 att utf\u00f6ra kosmetiska reparationer och bildetaljer, och erbjuda fasta \u00f6verkomliga priser och h\u00f6gkvalitativa reparationer. S\u00f6k tj\u00e4nst nu!","breadcrumb":{"@id":"https:\/\/repair2care.com\/en_za\/#breadcrumb"},"inLanguage":"sv-SE","potentialAction":[{"@type":"ReadAction","target":["https:\/\/repair2care.com\/en_za\/"]}]},{"@type":"BreadcrumbList","@id":"https:\/\/repair2care.com\/en_za\/#breadcrumb","itemListElement":[{"@type":"ListItem","position":1,"name":"Home","item":"https:\/\/repair2care.com\/sv\/"},{"@type":"ListItem","position":2,"name":"Wp Json","item":"https:\/\/repair2care.com\/sv\/wp-json\/"},{"@type":"ListItem","position":3,"name":"Wp","item":"https:\/\/repair2care.com\/sv\/wp-json\/wp\/"},{"@type":"ListItem","position":4,"name":"V2","item":"https:\/\/repair2care.com\/sv\/wp-json\/wp\/v2\/"},{"@type":"ListItem","position":5,"name":"Pages","item":"https:\/\/repair2care.com\/sv\/wp-json\/wp\/v2\/pages\/"},{"@type":"ListItem","position":6,"name":"7880"}]},{"@type":"WebSite","@id":"https:\/\/repair2care.com\/#website","url":"https:\/\/repair2care.com\/","name":"Repair2Care","description":"","publisher":{"@id":"https:\/\/repair2care.com\/#organization"},"potentialAction":[{"@type":"SearchAction","target":{"@type":"EntryPoint","urlTemplate":"https:\/\/repair2care.com\/?s={search_term_string}"},"query-input":{"@type":"PropertyValueSpecification","valueRequired":true,"valueName":"search_term_string"}}],"inLanguage":"sv-SE"},{"@type":"Organization","@id":"https:\/\/repair2care.com\/#organization","name":"Repair2Care","url":"https:\/\/repair2care.com\/","logo":{"@type":"ImageObject","inLanguage":"sv-SE","@id":"https:\/\/repair2care.com\/#\/schema\/logo\/image\/","url":"https:\/\/repair2care.com\/wp-content\/uploads\/2021\/06\/repair2care-digital.png","contentUrl":"https:\/\/repair2care.com\/wp-content\/uploads\/2021\/06\/repair2care-digital.png","width":1613,"height":246,"caption":"Repair2Care"},"image":{"@id":"https:\/\/repair2care.com\/#\/schema\/logo\/image\/"},"sameAs":["https:\/\/www.facebook.com\/repair2care"]}]}},"_links":{"self":[{"href":"https:\/\/repair2care.com\/sv\/wp-json\/wp\/v2\/pages\/7880","targetHints":{"allow":["GET"]}}],"collection":[{"href":"https:\/\/repair2care.com\/sv\/wp-json\/wp\/v2\/pages"}],"about":[{"href":"https:\/\/repair2care.com\/sv\/wp-json\/wp\/v2\/types\/page"}],"author":[{"embeddable":true,"href":"https:\/\/repair2care.com\/sv\/wp-json\/wp\/v2\/users\/1"}],"replies":[{"embeddable":true,"href":"https:\/\/repair2care.com\/sv\/wp-json\/wp\/v2\/comments?post=7880"}],"version-history":[{"count":2,"href":"https:\/\/repair2care.com\/sv\/wp-json\/wp\/v2\/pages\/7880\/revisions"}],"predecessor-version":[{"id":9218,"href":"https:\/\/repair2care.com\/sv\/wp-json\/wp\/v2\/pages\/7880\/revisions\/9218"}],"wp:attachment":[{"href":"https:\/\/repair2care.com\/sv\/wp-json\/wp\/v2\/media?parent=7880"}],"curies":[{"name":"wp","href":"https:\/\/api.w.org\/{rel}","templated":true}]}}