{"id":9631,"date":"2026-02-23T14:24:17","date_gmt":"2026-02-23T12:24:17","guid":{"rendered":"https:\/\/repair2care.com\/?page_id=9631"},"modified":"2026-03-26T10:45:19","modified_gmt":"2026-03-26T08:45:19","slug":"lundgruppen-gotene","status":"publish","type":"page","link":"https:\/\/repair2care.com\/de_de\/center-suchen\/lundgruppen-gotene\/","title":{"rendered":"Lundgruppen G\u00f6tene"},"content":{"rendered":"","protected":false},"excerpt":{"rendered":"","protected":false},"author":5,"featured_media":0,"parent":7939,"menu_order":1,"comment_status":"closed","ping_status":"closed","template":"","meta":{"_monsterinsights_skip_tracking":false,"_monsterinsights_sitenote_active":false,"_monsterinsights_sitenote_note":"","_monsterinsights_sitenote_category":0,"footnotes":""},"class_list":["post-9631","page","type-page","status-publish","hentry"],"yoast_head":"<!-- This site is optimized with the Yoast SEO Premium plugin v20.10 (Yoast SEO v25.5) - https:\/\/yoast.com\/wordpress\/plugins\/seo\/ -->\n<title>Lundgruppen G\u00f6tene. Independent workshop offering R2C services<\/title>\n<meta name=\"description\" content=\"Lundgruppen G\u00f6tene is an independent workshop offering selected R2C services, which is alloy wheel repairs.\" \/>\n<meta name=\"robots\" content=\"index, follow, max-snippet:-1, max-image-preview:large, max-video-preview:-1\" \/>\n<link rel=\"canonical\" href=\"https:\/\/repair2care.com\/de_de\/center-suchen\/lundgruppen-gotene\/\" \/>\n<meta property=\"og:locale\" content=\"de_DE\" \/>\n<meta property=\"og:type\" content=\"article\" \/>\n<meta property=\"og:title\" content=\"Lundgruppen G\u00f6tene\" \/>\n<meta property=\"og:description\" content=\"Lundgruppen G\u00f6tene is an independent workshop offering selected R2C services, which is alloy wheel repairs.\" \/>\n<meta property=\"og:url\" content=\"https:\/\/repair2care.com\/de_de\/center-suchen\/lundgruppen-gotene\/\" \/>\n<meta property=\"og:site_name\" content=\"Repair2Care\" \/>\n<meta property=\"article:publisher\" content=\"https:\/\/www.facebook.com\/repair2care\" \/>\n<meta property=\"article:modified_time\" content=\"2026-03-26T08:45:19+00:00\" \/>\n<meta name=\"twitter:card\" content=\"summary_large_image\" \/>\n<meta name=\"twitter:label1\" content=\"Gesch\u00e4tzte Lesezeit\" \/>\n\t<meta name=\"twitter:data1\" content=\"1\u00a0Minute\" \/>\n<script type=\"application\/ld+json\" class=\"yoast-schema-graph\">{\"@context\":\"https:\/\/schema.org\",\"@graph\":[{\"@type\":\"WebPage\",\"@id\":\"https:\/\/repair2care.com\/find-center\/lundgruppen-gotene\/\",\"url\":\"https:\/\/repair2care.com\/find-center\/lundgruppen-gotene\/\",\"name\":\"Lundgruppen G\u00f6tene. Independent workshop offering R2C services\",\"isPartOf\":{\"@id\":\"https:\/\/repair2care.com\/#website\"},\"datePublished\":\"2026-02-23T12:24:17+00:00\",\"dateModified\":\"2026-03-26T08:45:19+00:00\",\"description\":\"Lundgruppen G\u00f6tene is an independent workshop offering selected R2C services, which is alloy wheel repairs.\",\"breadcrumb\":{\"@id\":\"https:\/\/repair2care.com\/find-center\/lundgruppen-gotene\/#breadcrumb\"},\"inLanguage\":\"de\",\"potentialAction\":[{\"@type\":\"ReadAction\",\"target\":[\"https:\/\/repair2care.com\/find-center\/lundgruppen-gotene\/\"]}]},{\"@type\":\"BreadcrumbList\",\"@id\":\"https:\/\/repair2care.com\/find-center\/lundgruppen-gotene\/#breadcrumb\",\"itemListElement\":[{\"@type\":\"ListItem\",\"position\":1,\"name\":\"Home\",\"item\":\"https:\/\/repair2care.com\/de_de\/\"},{\"@type\":\"ListItem\",\"position\":2,\"name\":\"Wp Json\",\"item\":\"https:\/\/repair2care.com\/de_de\/wp-json\/\"},{\"@type\":\"ListItem\",\"position\":3,\"name\":\"Wp\",\"item\":\"https:\/\/repair2care.com\/de_de\/wp-json\/wp\/\"},{\"@type\":\"ListItem\",\"position\":4,\"name\":\"V2\",\"item\":\"https:\/\/repair2care.com\/de_de\/wp-json\/wp\/v2\/\"},{\"@type\":\"ListItem\",\"position\":5,\"name\":\"Pages\",\"item\":\"https:\/\/repair2care.com\/de_de\/wp-json\/wp\/v2\/pages\/\"},{\"@type\":\"ListItem\",\"position\":6,\"name\":\"9631\"}]},{\"@type\":\"WebSite\",\"@id\":\"https:\/\/repair2care.com\/#website\",\"url\":\"https:\/\/repair2care.com\/\",\"name\":\"Repair2Care\",\"description\":\"\",\"publisher\":{\"@id\":\"https:\/\/repair2care.com\/#organization\"},\"potentialAction\":[{\"@type\":\"SearchAction\",\"target\":{\"@type\":\"EntryPoint\",\"urlTemplate\":\"https:\/\/repair2care.com\/?s={search_term_string}\"},\"query-input\":{\"@type\":\"PropertyValueSpecification\",\"valueRequired\":true,\"valueName\":\"search_term_string\"}}],\"inLanguage\":\"de\"},{\"@type\":\"Organization\",\"@id\":\"https:\/\/repair2care.com\/#organization\",\"name\":\"Repair2Care\",\"url\":\"https:\/\/repair2care.com\/\",\"logo\":{\"@type\":\"ImageObject\",\"inLanguage\":\"de\",\"@id\":\"https:\/\/repair2care.com\/#\/schema\/logo\/image\/\",\"url\":\"https:\/\/repair2care.com\/wp-content\/uploads\/2021\/06\/repair2care-digital.png\",\"contentUrl\":\"https:\/\/repair2care.com\/wp-content\/uploads\/2021\/06\/repair2care-digital.png\",\"width\":1613,\"height\":246,\"caption\":\"Repair2Care\"},\"image\":{\"@id\":\"https:\/\/repair2care.com\/#\/schema\/logo\/image\/\"},\"sameAs\":[\"https:\/\/www.facebook.com\/repair2care\"]}]}<\/script>\n<!-- \/ Yoast SEO Premium plugin. -->","yoast_head_json":{"title":"Lundgruppen G\u00f6tene. Unabh\u00e4ngige Werkstatt, die R2C-Dienste anbietet","description":"Lundgruppen G\u00f6tene ist eine unabh\u00e4ngige Werkstatt, die ausgew\u00e4hlte R2C-Dienstleistungen, d. h. Reparaturen von Leichtmetallr\u00e4dern, anbietet.","robots":{"index":"index","follow":"follow","max-snippet":"max-snippet:-1","max-image-preview":"max-image-preview:large","max-video-preview":"max-video-preview:-1"},"canonical":"https:\/\/repair2care.com\/de_de\/center-suchen\/lundgruppen-gotene\/","og_locale":"de_DE","og_type":"article","og_title":"Lundgruppen G\u00f6tene","og_description":"Lundgruppen G\u00f6tene is an independent workshop offering selected R2C services, which is alloy wheel repairs.","og_url":"https:\/\/repair2care.com\/de_de\/center-suchen\/lundgruppen-gotene\/","og_site_name":"Repair2Care","article_publisher":"https:\/\/www.facebook.com\/repair2care","article_modified_time":"2026-03-26T08:45:19+00:00","twitter_card":"summary_large_image","twitter_misc":{"Gesch\u00e4tzte Lesezeit":"1\u00a0Minute"},"schema":{"@context":"https:\/\/schema.org","@graph":[{"@type":"WebPage","@id":"https:\/\/repair2care.com\/find-center\/lundgruppen-gotene\/","url":"https:\/\/repair2care.com\/find-center\/lundgruppen-gotene\/","name":"Lundgruppen G\u00f6tene. Unabh\u00e4ngige Werkstatt, die R2C-Dienste anbietet","isPartOf":{"@id":"https:\/\/repair2care.com\/#website"},"datePublished":"2026-02-23T12:24:17+00:00","dateModified":"2026-03-26T08:45:19+00:00","description":"Lundgruppen G\u00f6tene ist eine unabh\u00e4ngige Werkstatt, die ausgew\u00e4hlte R2C-Dienstleistungen, d. h. Reparaturen von Leichtmetallr\u00e4dern, anbietet.","breadcrumb":{"@id":"https:\/\/repair2care.com\/find-center\/lundgruppen-gotene\/#breadcrumb"},"inLanguage":"de","potentialAction":[{"@type":"ReadAction","target":["https:\/\/repair2care.com\/find-center\/lundgruppen-gotene\/"]}]},{"@type":"BreadcrumbList","@id":"https:\/\/repair2care.com\/find-center\/lundgruppen-gotene\/#breadcrumb","itemListElement":[{"@type":"ListItem","position":1,"name":"Home","item":"https:\/\/repair2care.com\/de_de\/"},{"@type":"ListItem","position":2,"name":"Wp Json","item":"https:\/\/repair2care.com\/de_de\/wp-json\/"},{"@type":"ListItem","position":3,"name":"Wp","item":"https:\/\/repair2care.com\/de_de\/wp-json\/wp\/"},{"@type":"ListItem","position":4,"name":"V2","item":"https:\/\/repair2care.com\/de_de\/wp-json\/wp\/v2\/"},{"@type":"ListItem","position":5,"name":"Pages","item":"https:\/\/repair2care.com\/de_de\/wp-json\/wp\/v2\/pages\/"},{"@type":"ListItem","position":6,"name":"9631"}]},{"@type":"WebSite","@id":"https:\/\/repair2care.com\/#website","url":"https:\/\/repair2care.com\/","name":"Repair2Care","description":"","publisher":{"@id":"https:\/\/repair2care.com\/#organization"},"potentialAction":[{"@type":"SearchAction","target":{"@type":"EntryPoint","urlTemplate":"https:\/\/repair2care.com\/?s={search_term_string}"},"query-input":{"@type":"PropertyValueSpecification","valueRequired":true,"valueName":"search_term_string"}}],"inLanguage":"de"},{"@type":"Organization","@id":"https:\/\/repair2care.com\/#organization","name":"Repair2Care","url":"https:\/\/repair2care.com\/","logo":{"@type":"ImageObject","inLanguage":"de","@id":"https:\/\/repair2care.com\/#\/schema\/logo\/image\/","url":"https:\/\/repair2care.com\/wp-content\/uploads\/2021\/06\/repair2care-digital.png","contentUrl":"https:\/\/repair2care.com\/wp-content\/uploads\/2021\/06\/repair2care-digital.png","width":1613,"height":246,"caption":"Repair2Care"},"image":{"@id":"https:\/\/repair2care.com\/#\/schema\/logo\/image\/"},"sameAs":["https:\/\/www.facebook.com\/repair2care"]}]}},"_links":{"self":[{"href":"https:\/\/repair2care.com\/de_de\/wp-json\/wp\/v2\/pages\/9631","targetHints":{"allow":["GET"]}}],"collection":[{"href":"https:\/\/repair2care.com\/de_de\/wp-json\/wp\/v2\/pages"}],"about":[{"href":"https:\/\/repair2care.com\/de_de\/wp-json\/wp\/v2\/types\/page"}],"author":[{"embeddable":true,"href":"https:\/\/repair2care.com\/de_de\/wp-json\/wp\/v2\/users\/5"}],"replies":[{"embeddable":true,"href":"https:\/\/repair2care.com\/de_de\/wp-json\/wp\/v2\/comments?post=9631"}],"version-history":[{"count":0,"href":"https:\/\/repair2care.com\/de_de\/wp-json\/wp\/v2\/pages\/9631\/revisions"}],"up":[{"embeddable":true,"href":"https:\/\/repair2care.com\/de_de\/wp-json\/wp\/v2\/pages\/7939"}],"wp:attachment":[{"href":"https:\/\/repair2care.com\/de_de\/wp-json\/wp\/v2\/media?parent=9631"}],"curies":[{"name":"wp","href":"https:\/\/api.w.org\/{rel}","templated":true}]}}