{"id":9575,"date":"2025-10-23T10:50:47","date_gmt":"2025-10-23T08:50:47","guid":{"rendered":"https:\/\/repair2care.com\/?page_id=9575"},"modified":"2025-10-23T10:50:48","modified_gmt":"2025-10-23T08:50:48","slug":"hisings-backa","status":"publish","type":"page","link":"https:\/\/repair2care.com\/da\/find-center\/hisings-backa\/","title":{"rendered":"Repair2Care Hisings Backa"},"content":{"rendered":"","protected":false},"excerpt":{"rendered":"","protected":false},"author":5,"featured_media":0,"parent":7939,"menu_order":1,"comment_status":"closed","ping_status":"closed","template":"","meta":{"_monsterinsights_skip_tracking":false,"_monsterinsights_sitenote_active":false,"_monsterinsights_sitenote_note":"","_monsterinsights_sitenote_category":0,"footnotes":""},"class_list":["post-9575","page","type-page","status-publish","hentry"],"yoast_head":"<!-- This site is optimized with the Yoast SEO Premium plugin v20.10 (Yoast SEO v25.5) - https:\/\/yoast.com\/wordpress\/plugins\/seo\/ -->\n<title>Wheel repair and cosmetic car repair in Hisings Backa, G\u00f6teborg<\/title>\n<meta name=\"description\" content=\"We offer repairs of alloy wheels, as well as both the interior and exterior of cars. Visit our Repair2Care center in Hisings Backa, G\u00f6teborg.\" \/>\n<meta name=\"robots\" content=\"index, follow, max-snippet:-1, max-image-preview:large, max-video-preview:-1\" \/>\n<link rel=\"canonical\" href=\"https:\/\/repair2care.com\/da\/find-center\/hisings-backa\/\" \/>\n<meta property=\"og:locale\" content=\"da_DK\" \/>\n<meta property=\"og:type\" content=\"article\" \/>\n<meta property=\"og:title\" content=\"Repair2Care Hisings Backa\" \/>\n<meta property=\"og:description\" content=\"We offer repairs of alloy wheels, as well as both the interior and exterior of cars. Visit our Repair2Care center in Hisings Backa, G\u00f6teborg.\" \/>\n<meta property=\"og:url\" content=\"https:\/\/repair2care.com\/da\/find-center\/hisings-backa\/\" \/>\n<meta property=\"og:site_name\" content=\"Repair2Care\" \/>\n<meta property=\"article:publisher\" content=\"https:\/\/www.facebook.com\/repair2care\" \/>\n<meta property=\"article:modified_time\" content=\"2025-10-23T08:50:48+00:00\" \/>\n<meta name=\"twitter:card\" content=\"summary_large_image\" \/>\n<meta name=\"twitter:label1\" content=\"Estimeret l\u00e6setid\" \/>\n\t<meta name=\"twitter:data1\" content=\"2 minutter\" \/>\n<script type=\"application\/ld+json\" class=\"yoast-schema-graph\">{\"@context\":\"https:\/\/schema.org\",\"@graph\":[{\"@type\":\"WebPage\",\"@id\":\"https:\/\/repair2care.com\/find-center\/hisings-backa\/\",\"url\":\"https:\/\/repair2care.com\/find-center\/hisings-backa\/\",\"name\":\"Wheel repair and cosmetic car repair in Hisings Backa, G\u00f6teborg\",\"isPartOf\":{\"@id\":\"https:\/\/repair2care.com\/#website\"},\"datePublished\":\"2025-10-23T08:50:47+00:00\",\"dateModified\":\"2025-10-23T08:50:48+00:00\",\"description\":\"We offer repairs of alloy wheels, as well as both the interior and exterior of cars. Visit our Repair2Care center in Hisings Backa, G\u00f6teborg.\",\"breadcrumb\":{\"@id\":\"https:\/\/repair2care.com\/find-center\/hisings-backa\/#breadcrumb\"},\"inLanguage\":\"da-DK\",\"potentialAction\":[{\"@type\":\"ReadAction\",\"target\":[\"https:\/\/repair2care.com\/find-center\/hisings-backa\/\"]}]},{\"@type\":\"BreadcrumbList\",\"@id\":\"https:\/\/repair2care.com\/find-center\/hisings-backa\/#breadcrumb\",\"itemListElement\":[{\"@type\":\"ListItem\",\"position\":1,\"name\":\"Home\",\"item\":\"https:\/\/repair2care.com\/da\/\"},{\"@type\":\"ListItem\",\"position\":2,\"name\":\"Wp Json\",\"item\":\"https:\/\/repair2care.com\/da\/wp-json\/\"},{\"@type\":\"ListItem\",\"position\":3,\"name\":\"Wp\",\"item\":\"https:\/\/repair2care.com\/da\/wp-json\/wp\/\"},{\"@type\":\"ListItem\",\"position\":4,\"name\":\"V2\",\"item\":\"https:\/\/repair2care.com\/da\/wp-json\/wp\/v2\/\"},{\"@type\":\"ListItem\",\"position\":5,\"name\":\"Pages\",\"item\":\"https:\/\/repair2care.com\/da\/wp-json\/wp\/v2\/pages\/\"},{\"@type\":\"ListItem\",\"position\":6,\"name\":\"9575\"}]},{\"@type\":\"WebSite\",\"@id\":\"https:\/\/repair2care.com\/#website\",\"url\":\"https:\/\/repair2care.com\/\",\"name\":\"Repair2Care\",\"description\":\"\",\"publisher\":{\"@id\":\"https:\/\/repair2care.com\/#organization\"},\"potentialAction\":[{\"@type\":\"SearchAction\",\"target\":{\"@type\":\"EntryPoint\",\"urlTemplate\":\"https:\/\/repair2care.com\/?s={search_term_string}\"},\"query-input\":{\"@type\":\"PropertyValueSpecification\",\"valueRequired\":true,\"valueName\":\"search_term_string\"}}],\"inLanguage\":\"da-DK\"},{\"@type\":\"Organization\",\"@id\":\"https:\/\/repair2care.com\/#organization\",\"name\":\"Repair2Care\",\"url\":\"https:\/\/repair2care.com\/\",\"logo\":{\"@type\":\"ImageObject\",\"inLanguage\":\"da-DK\",\"@id\":\"https:\/\/repair2care.com\/#\/schema\/logo\/image\/\",\"url\":\"https:\/\/repair2care.com\/wp-content\/uploads\/2021\/06\/repair2care-digital.png\",\"contentUrl\":\"https:\/\/repair2care.com\/wp-content\/uploads\/2021\/06\/repair2care-digital.png\",\"width\":1613,\"height\":246,\"caption\":\"Repair2Care\"},\"image\":{\"@id\":\"https:\/\/repair2care.com\/#\/schema\/logo\/image\/\"},\"sameAs\":[\"https:\/\/www.facebook.com\/repair2care\"]}]}<\/script>\n<!-- \/ Yoast SEO Premium plugin. -->","yoast_head_json":{"title":"Reparation af hjul og kosmetisk bilreparation i Hisings Backa, G\u00f6teborg","description":"Vi tilbyder reparationer af aluf\u00e6lge samt b\u00e5de indvendigt og udvendigt p\u00e5 biler. Bes\u00f8g vores Repair2Care-center i Hisings Backa, G\u00f6teborg.","robots":{"index":"index","follow":"follow","max-snippet":"max-snippet:-1","max-image-preview":"max-image-preview:large","max-video-preview":"max-video-preview:-1"},"canonical":"https:\/\/repair2care.com\/da\/find-center\/hisings-backa\/","og_locale":"da_DK","og_type":"article","og_title":"Repair2Care Hisings Backa","og_description":"We offer repairs of alloy wheels, as well as both the interior and exterior of cars. Visit our Repair2Care center in Hisings Backa, G\u00f6teborg.","og_url":"https:\/\/repair2care.com\/da\/find-center\/hisings-backa\/","og_site_name":"Repair2Care","article_publisher":"https:\/\/www.facebook.com\/repair2care","article_modified_time":"2025-10-23T08:50:48+00:00","twitter_card":"summary_large_image","twitter_misc":{"Estimeret l\u00e6setid":"2 minutter"},"schema":{"@context":"https:\/\/schema.org","@graph":[{"@type":"WebPage","@id":"https:\/\/repair2care.com\/find-center\/hisings-backa\/","url":"https:\/\/repair2care.com\/find-center\/hisings-backa\/","name":"Reparation af hjul og kosmetisk bilreparation i Hisings Backa, G\u00f6teborg","isPartOf":{"@id":"https:\/\/repair2care.com\/#website"},"datePublished":"2025-10-23T08:50:47+00:00","dateModified":"2025-10-23T08:50:48+00:00","description":"Vi tilbyder reparationer af aluf\u00e6lge samt b\u00e5de indvendigt og udvendigt p\u00e5 biler. Bes\u00f8g vores Repair2Care-center i Hisings Backa, G\u00f6teborg.","breadcrumb":{"@id":"https:\/\/repair2care.com\/find-center\/hisings-backa\/#breadcrumb"},"inLanguage":"da-DK","potentialAction":[{"@type":"ReadAction","target":["https:\/\/repair2care.com\/find-center\/hisings-backa\/"]}]},{"@type":"BreadcrumbList","@id":"https:\/\/repair2care.com\/find-center\/hisings-backa\/#breadcrumb","itemListElement":[{"@type":"ListItem","position":1,"name":"Home","item":"https:\/\/repair2care.com\/da\/"},{"@type":"ListItem","position":2,"name":"Wp Json","item":"https:\/\/repair2care.com\/da\/wp-json\/"},{"@type":"ListItem","position":3,"name":"Wp","item":"https:\/\/repair2care.com\/da\/wp-json\/wp\/"},{"@type":"ListItem","position":4,"name":"V2","item":"https:\/\/repair2care.com\/da\/wp-json\/wp\/v2\/"},{"@type":"ListItem","position":5,"name":"Pages","item":"https:\/\/repair2care.com\/da\/wp-json\/wp\/v2\/pages\/"},{"@type":"ListItem","position":6,"name":"9575"}]},{"@type":"WebSite","@id":"https:\/\/repair2care.com\/#website","url":"https:\/\/repair2care.com\/","name":"Repair2Care","description":"","publisher":{"@id":"https:\/\/repair2care.com\/#organization"},"potentialAction":[{"@type":"SearchAction","target":{"@type":"EntryPoint","urlTemplate":"https:\/\/repair2care.com\/?s={search_term_string}"},"query-input":{"@type":"PropertyValueSpecification","valueRequired":true,"valueName":"search_term_string"}}],"inLanguage":"da-DK"},{"@type":"Organization","@id":"https:\/\/repair2care.com\/#organization","name":"Repair2Care","url":"https:\/\/repair2care.com\/","logo":{"@type":"ImageObject","inLanguage":"da-DK","@id":"https:\/\/repair2care.com\/#\/schema\/logo\/image\/","url":"https:\/\/repair2care.com\/wp-content\/uploads\/2021\/06\/repair2care-digital.png","contentUrl":"https:\/\/repair2care.com\/wp-content\/uploads\/2021\/06\/repair2care-digital.png","width":1613,"height":246,"caption":"Repair2Care"},"image":{"@id":"https:\/\/repair2care.com\/#\/schema\/logo\/image\/"},"sameAs":["https:\/\/www.facebook.com\/repair2care"]}]}},"_links":{"self":[{"href":"https:\/\/repair2care.com\/da\/wp-json\/wp\/v2\/pages\/9575","targetHints":{"allow":["GET"]}}],"collection":[{"href":"https:\/\/repair2care.com\/da\/wp-json\/wp\/v2\/pages"}],"about":[{"href":"https:\/\/repair2care.com\/da\/wp-json\/wp\/v2\/types\/page"}],"author":[{"embeddable":true,"href":"https:\/\/repair2care.com\/da\/wp-json\/wp\/v2\/users\/5"}],"replies":[{"embeddable":true,"href":"https:\/\/repair2care.com\/da\/wp-json\/wp\/v2\/comments?post=9575"}],"version-history":[{"count":0,"href":"https:\/\/repair2care.com\/da\/wp-json\/wp\/v2\/pages\/9575\/revisions"}],"up":[{"embeddable":true,"href":"https:\/\/repair2care.com\/da\/wp-json\/wp\/v2\/pages\/7939"}],"wp:attachment":[{"href":"https:\/\/repair2care.com\/da\/wp-json\/wp\/v2\/media?parent=9575"}],"curies":[{"name":"wp","href":"https:\/\/api.w.org\/{rel}","templated":true}]}}