{"id":8934,"date":"2024-07-04T08:45:46","date_gmt":"2024-07-04T06:45:46","guid":{"rendered":"https:\/\/repair2care.com\/?page_id=8934"},"modified":"2024-08-07T09:27:12","modified_gmt":"2024-08-07T07:27:12","slug":"job-teknisk-traener-aalborg","status":"publish","type":"page","link":"https:\/\/repair2care.com\/da\/job-teknisk-traener-aalborg\/","title":{"rendered":"Job - Teknisk Tr\u00e6ner til R2C Aalborg"},"content":{"rendered":"","protected":false},"excerpt":{"rendered":"","protected":false},"author":5,"featured_media":0,"parent":0,"menu_order":0,"comment_status":"closed","ping_status":"closed","template":"","meta":{"_monsterinsights_skip_tracking":false,"_monsterinsights_sitenote_active":false,"_monsterinsights_sitenote_note":"","_monsterinsights_sitenote_category":0,"footnotes":""},"class_list":["post-8934","page","type-page","status-publish","hentry"],"yoast_head":"<!-- This site is optimized with the Yoast SEO Premium plugin v20.10 (Yoast SEO v25.5) - https:\/\/yoast.com\/wordpress\/plugins\/seo\/ -->\n<title>Teknisk tr\u00e6ner s\u00f8ges til Repair2Care afdeling i Aalborg<\/title>\n<meta name=\"description\" content=\"Du en har baggrund som Autolakerer, Mekaniker, \u201dDetailer\u201d, m\u00e5ske lidt af hvert - og s\u00e5 er du helt vil med biler. S\u00f8g stillingen her \u00bb\" \/>\n<meta name=\"robots\" content=\"index, follow, max-snippet:-1, max-image-preview:large, max-video-preview:-1\" \/>\n<link rel=\"canonical\" href=\"https:\/\/repair2care.com\/da\/job-teknisk-traener-aalborg\/\" \/>\n<meta property=\"og:locale\" content=\"da_DK\" \/>\n<meta property=\"og:type\" content=\"article\" \/>\n<meta property=\"og:title\" content=\"Job - Teknisk Tr\u00e6ner til R2C Aalborg\" \/>\n<meta property=\"og:description\" content=\"Du en har baggrund som Autolakerer, Mekaniker, \u201dDetailer\u201d, m\u00e5ske lidt af hvert - og s\u00e5 er du helt vil med biler. S\u00f8g stillingen her \u00bb\" \/>\n<meta property=\"og:url\" content=\"https:\/\/repair2care.com\/da\/job-teknisk-traener-aalborg\/\" \/>\n<meta property=\"og:site_name\" content=\"Repair2Care\" \/>\n<meta property=\"article:publisher\" content=\"https:\/\/www.facebook.com\/repair2care\" \/>\n<meta property=\"article:modified_time\" content=\"2024-08-07T07:27:12+00:00\" \/>\n<meta name=\"twitter:card\" content=\"summary_large_image\" \/>\n<script type=\"application\/ld+json\" class=\"yoast-schema-graph\">{\"@context\":\"https:\/\/schema.org\",\"@graph\":[{\"@type\":\"WebPage\",\"@id\":\"https:\/\/repair2care.com\/job-teknisk-traener-aalborg\/\",\"url\":\"https:\/\/repair2care.com\/job-teknisk-traener-aalborg\/\",\"name\":\"Teknisk tr\u00e6ner s\u00f8ges til Repair2Care afdeling i Aalborg\",\"isPartOf\":{\"@id\":\"https:\/\/repair2care.com\/#website\"},\"datePublished\":\"2024-07-04T06:45:46+00:00\",\"dateModified\":\"2024-08-07T07:27:12+00:00\",\"description\":\"Du en har baggrund som Autolakerer, Mekaniker, \u201dDetailer\u201d, m\u00e5ske lidt af hvert - og s\u00e5 er du helt vil med biler. S\u00f8g stillingen her \u00bb\",\"breadcrumb\":{\"@id\":\"https:\/\/repair2care.com\/job-teknisk-traener-aalborg\/#breadcrumb\"},\"inLanguage\":\"da-DK\",\"potentialAction\":[{\"@type\":\"ReadAction\",\"target\":[\"https:\/\/repair2care.com\/job-teknisk-traener-aalborg\/\"]}]},{\"@type\":\"BreadcrumbList\",\"@id\":\"https:\/\/repair2care.com\/job-teknisk-traener-aalborg\/#breadcrumb\",\"itemListElement\":[{\"@type\":\"ListItem\",\"position\":1,\"name\":\"Home\",\"item\":\"https:\/\/repair2care.com\/da\/\"},{\"@type\":\"ListItem\",\"position\":2,\"name\":\"Wp Json\",\"item\":\"https:\/\/repair2care.com\/da\/wp-json\/\"},{\"@type\":\"ListItem\",\"position\":3,\"name\":\"Wp\",\"item\":\"https:\/\/repair2care.com\/da\/wp-json\/wp\/\"},{\"@type\":\"ListItem\",\"position\":4,\"name\":\"V2\",\"item\":\"https:\/\/repair2care.com\/da\/wp-json\/wp\/v2\/\"},{\"@type\":\"ListItem\",\"position\":5,\"name\":\"Pages\",\"item\":\"https:\/\/repair2care.com\/da\/wp-json\/wp\/v2\/pages\/\"},{\"@type\":\"ListItem\",\"position\":6,\"name\":\"8934\"}]},{\"@type\":\"WebSite\",\"@id\":\"https:\/\/repair2care.com\/#website\",\"url\":\"https:\/\/repair2care.com\/\",\"name\":\"Repair2Care\",\"description\":\"\",\"publisher\":{\"@id\":\"https:\/\/repair2care.com\/#organization\"},\"potentialAction\":[{\"@type\":\"SearchAction\",\"target\":{\"@type\":\"EntryPoint\",\"urlTemplate\":\"https:\/\/repair2care.com\/?s={search_term_string}\"},\"query-input\":{\"@type\":\"PropertyValueSpecification\",\"valueRequired\":true,\"valueName\":\"search_term_string\"}}],\"inLanguage\":\"da-DK\"},{\"@type\":\"Organization\",\"@id\":\"https:\/\/repair2care.com\/#organization\",\"name\":\"Repair2Care\",\"url\":\"https:\/\/repair2care.com\/\",\"logo\":{\"@type\":\"ImageObject\",\"inLanguage\":\"da-DK\",\"@id\":\"https:\/\/repair2care.com\/#\/schema\/logo\/image\/\",\"url\":\"https:\/\/repair2care.com\/wp-content\/uploads\/2021\/06\/repair2care-digital.png\",\"contentUrl\":\"https:\/\/repair2care.com\/wp-content\/uploads\/2021\/06\/repair2care-digital.png\",\"width\":1613,\"height\":246,\"caption\":\"Repair2Care\"},\"image\":{\"@id\":\"https:\/\/repair2care.com\/#\/schema\/logo\/image\/\"},\"sameAs\":[\"https:\/\/www.facebook.com\/repair2care\"]}]}<\/script>\n<!-- \/ Yoast SEO Premium plugin. -->","yoast_head_json":{"title":"Teknisk tr\u00e6ner s\u00f8ges til Repair2Care afdeling i Aalborg","description":"Du en har baggrund som Autolakerer, Mekaniker, \"Detailer\", m\u00e5ske lidt af hvert - og s\u00e5 er du helt vil med biler. S\u00f8g stillingen her \"","robots":{"index":"index","follow":"follow","max-snippet":"max-snippet:-1","max-image-preview":"max-image-preview:large","max-video-preview":"max-video-preview:-1"},"canonical":"https:\/\/repair2care.com\/da\/job-teknisk-traener-aalborg\/","og_locale":"da_DK","og_type":"article","og_title":"Job - Teknisk Tr\u00e6ner til R2C Aalborg","og_description":"Du en har baggrund som Autolakerer, Mekaniker, \u201dDetailer\u201d, m\u00e5ske lidt af hvert - og s\u00e5 er du helt vil med biler. S\u00f8g stillingen her \u00bb","og_url":"https:\/\/repair2care.com\/da\/job-teknisk-traener-aalborg\/","og_site_name":"Repair2Care","article_publisher":"https:\/\/www.facebook.com\/repair2care","article_modified_time":"2024-08-07T07:27:12+00:00","twitter_card":"summary_large_image","schema":{"@context":"https:\/\/schema.org","@graph":[{"@type":"WebPage","@id":"https:\/\/repair2care.com\/job-teknisk-traener-aalborg\/","url":"https:\/\/repair2care.com\/job-teknisk-traener-aalborg\/","name":"Teknisk tr\u00e6ner s\u00f8ges til Repair2Care afdeling i Aalborg","isPartOf":{"@id":"https:\/\/repair2care.com\/#website"},"datePublished":"2024-07-04T06:45:46+00:00","dateModified":"2024-08-07T07:27:12+00:00","description":"Du en har baggrund som Autolakerer, Mekaniker, \"Detailer\", m\u00e5ske lidt af hvert - og s\u00e5 er du helt vil med biler. S\u00f8g stillingen her \"","breadcrumb":{"@id":"https:\/\/repair2care.com\/job-teknisk-traener-aalborg\/#breadcrumb"},"inLanguage":"da-DK","potentialAction":[{"@type":"ReadAction","target":["https:\/\/repair2care.com\/job-teknisk-traener-aalborg\/"]}]},{"@type":"BreadcrumbList","@id":"https:\/\/repair2care.com\/job-teknisk-traener-aalborg\/#breadcrumb","itemListElement":[{"@type":"ListItem","position":1,"name":"Home","item":"https:\/\/repair2care.com\/da\/"},{"@type":"ListItem","position":2,"name":"Wp Json","item":"https:\/\/repair2care.com\/da\/wp-json\/"},{"@type":"ListItem","position":3,"name":"Wp","item":"https:\/\/repair2care.com\/da\/wp-json\/wp\/"},{"@type":"ListItem","position":4,"name":"V2","item":"https:\/\/repair2care.com\/da\/wp-json\/wp\/v2\/"},{"@type":"ListItem","position":5,"name":"Pages","item":"https:\/\/repair2care.com\/da\/wp-json\/wp\/v2\/pages\/"},{"@type":"ListItem","position":6,"name":"8934"}]},{"@type":"WebSite","@id":"https:\/\/repair2care.com\/#website","url":"https:\/\/repair2care.com\/","name":"Repair2Care","description":"","publisher":{"@id":"https:\/\/repair2care.com\/#organization"},"potentialAction":[{"@type":"SearchAction","target":{"@type":"EntryPoint","urlTemplate":"https:\/\/repair2care.com\/?s={search_term_string}"},"query-input":{"@type":"PropertyValueSpecification","valueRequired":true,"valueName":"search_term_string"}}],"inLanguage":"da-DK"},{"@type":"Organization","@id":"https:\/\/repair2care.com\/#organization","name":"Repair2Care","url":"https:\/\/repair2care.com\/","logo":{"@type":"ImageObject","inLanguage":"da-DK","@id":"https:\/\/repair2care.com\/#\/schema\/logo\/image\/","url":"https:\/\/repair2care.com\/wp-content\/uploads\/2021\/06\/repair2care-digital.png","contentUrl":"https:\/\/repair2care.com\/wp-content\/uploads\/2021\/06\/repair2care-digital.png","width":1613,"height":246,"caption":"Repair2Care"},"image":{"@id":"https:\/\/repair2care.com\/#\/schema\/logo\/image\/"},"sameAs":["https:\/\/www.facebook.com\/repair2care"]}]}},"_links":{"self":[{"href":"https:\/\/repair2care.com\/da\/wp-json\/wp\/v2\/pages\/8934","targetHints":{"allow":["GET"]}}],"collection":[{"href":"https:\/\/repair2care.com\/da\/wp-json\/wp\/v2\/pages"}],"about":[{"href":"https:\/\/repair2care.com\/da\/wp-json\/wp\/v2\/types\/page"}],"author":[{"embeddable":true,"href":"https:\/\/repair2care.com\/da\/wp-json\/wp\/v2\/users\/5"}],"replies":[{"embeddable":true,"href":"https:\/\/repair2care.com\/da\/wp-json\/wp\/v2\/comments?post=8934"}],"version-history":[{"count":0,"href":"https:\/\/repair2care.com\/da\/wp-json\/wp\/v2\/pages\/8934\/revisions"}],"wp:attachment":[{"href":"https:\/\/repair2care.com\/da\/wp-json\/wp\/v2\/media?parent=8934"}],"curies":[{"name":"wp","href":"https:\/\/api.w.org\/{rel}","templated":true}]}}